{"id":1430,"date":"2022-12-10T22:06:18","date_gmt":"2022-12-10T21:06:18","guid":{"rendered":"https:\/\/gites-ariege-pyrenees.fr\/?page_id=1430"},"modified":"2026-03-27T17:03:57","modified_gmt":"2026-03-27T16:03:57","slug":"tarifs-reservation","status":"publish","type":"page","link":"https:\/\/gites-ariege-pyrenees.fr\/index.php\/tarifs-reservation\/","title":{"rendered":"Tarifs &#038; R\u00e9servation"},"content":{"rendered":"<p><div class=\"et_d4_element et_pb_section et_pb_section_0  et_pb_css_mix_blend_mode et_pb_fullwidth_section et_section_regular et_block_section\" >\n\t\t\t\t\n\t\t\t\t\n\t\t\t\t\n\t\t\t\t\n\t\t\t\t\n\t\t\t\t\n\t\t\t\t<div class=\"et_pb_module et_d4_element et_pb_fullwidth_image et_pb_fullwidth_image_0\">\n\t\t\t\t\n\t\t\t\t\n\t\t\t\t\n\t\t\t\t\n\t\t\t\t<img loading=\"lazy\" decoding=\"async\" width=\"1920\" height=\"690\" src=\"https:\/\/gites-ariege-pyrenees.fr\/wp-content\/uploads\/2022\/12\/vue-gite.jpeg\" alt=\"\" title=\"vue gite\" srcset=\"https:\/\/gites-ariege-pyrenees.fr\/wp-content\/uploads\/2022\/12\/vue-gite.jpeg 1920w, https:\/\/gites-ariege-pyrenees.fr\/wp-content\/uploads\/2022\/12\/vue-gite-1280x460.jpeg 1280w, https:\/\/gites-ariege-pyrenees.fr\/wp-content\/uploads\/2022\/12\/vue-gite-980x352.jpeg 980w, https:\/\/gites-ariege-pyrenees.fr\/wp-content\/uploads\/2022\/12\/vue-gite-480x173.jpeg 480w\" sizes=\"(min-width: 0px) and (max-width: 480px) 480px, (min-width: 481px) and (max-width: 980px) 980px, (min-width: 981px) and (max-width: 1280px) 1280px, (min-width: 1281px) 1920px, 100vw\" class=\"wp-image-1494\" \/>\n\t\t\t\n\t\t\t<\/div>\n\t\t\t\t\n\t\t\t\t\n\t\t\t<\/div><div class=\"et_d4_element et_pb_section et_pb_section_1  et_pb_css_mix_blend_mode et_section_regular et_block_section\" >\n\t\t\t\t\n\t\t\t\t\n\t\t\t\t\n\t\t\t\t\n\t\t\t\t\n\t\t\t\t\n\t\t\t\t<div class=\"et_d4_element et_pb_row et_pb_row_0  et_pb_css_mix_blend_mode et_block_row\">\n\t\t\t\t<div class=\"et_d4_element et_pb_column_1_2 et_pb_column et_pb_column_0  et_pb_css_mix_blend_mode et_block_column\">\n\t\t\t\t\n\t\t\t\t\n\t\t\t\t\n\t\t\t\t\n\t\t\t\t<div class=\"et_pb_module et_d4_element et_pb_code et_pb_code_0\">\n\t\t\t\t\n\t\t\t\t\n\t\t\t\t\n\t\t\t\t\n\t\t\t\t<div class=\"et_pb_code_inner\"><script type=\"text\/javascript\" src=\"\/\/gadget.open-system.fr\/widgets-libs\/rel\/noyau-1.0.min.js\"><\/script>\n<script type=\"text\/javascript\">\n( function() {\n\tvar widgetProduit = AllianceReseaux.Widget.Instance( \"Produit\", { idPanier:\"ImQgIiI\", idIntegration:1267, langue:\"fr\", ui:\"OSMB-118624-1\" } );\n\twidgetProduit.Initialise();\n})();\n<\/script>\n\n<div id=\"widget-produit-OSMB-118624-1\"><\/div>\n<\/div>\n\t\t\t<\/div>\n\t\t\t<\/div><div class=\"et_d4_element et_pb_column_1_2 et_pb_column et_pb_column_1  et_pb_css_mix_blend_mode et-last-child et_block_column\">\n\t\t\t\t\n\t\t\t\t\n\t\t\t\t\n\t\t\t\t\n\t\t\t\t<div class=\"et_pb_module et_d4_element et_pb_text et_pb_text_0  et_pb_text_align_left et_pb_bg_layout_light\">\n\t\t\t\t\n\t\t\t\t\n\t\t\t\t\n\t\t\t\t\n\t\t\t\t<div class=\"et_pb_text_inner\"><h1 style=\"text-align: center;\">Tarifs<\/h1>\n<h2>Juillet et Ao\u00fbt<\/h2>\n<p><strong>148 \u20ac la nuit\u00a0<\/strong><\/p>\n<ul>\n<li>Dur\u00e9e minimale de 2 nuits<\/li>\n<li>R\u00e9duction de 15 % pour les s\u00e9jours \u00e0 partir de 7 nuits<\/li>\n<\/ul>\n<h2>Hors saison<\/h2>\n<p><strong>115 \u20ac la nuit<\/strong><\/p>\n<ul>\n<li>Dur\u00e9e minimale de 2 nuits<\/li>\n<li>R\u00e9duction de 15 % pour les s\u00e9jours \u00e0 partir de 7 nuits<\/li>\n<\/ul>\n<p><a name=\"disponibilit\u00e9\"><\/a><\/p>\n<h3>Disponibilit\u00e9 sur demande<\/h3>\n<p>Les 240 \u20ac de caution sont demand\u00e9 \u00e0 hauteur de 200 \u20ac pour le gite qui bien sur seront rendu si tout est ok et les 40 \u20ac sont pour le m\u00e9nage dans le cas ou les locataires pr\u00e9f\u00e8res ne pas faire le m\u00e9nage \u00e0 fond. Dans le cas ou le gite est rendu m\u00e9nage fait, les 40 \u20ac sont restitu\u00e9s. \u2013 Remise de 15% sur le montant total pour les r\u00e9servations \u00e0 partir d\u2019une semaine.<\/p><\/div>\n\t\t\t<\/div>\n\t\t\t<\/div>\n\t\t\t\t\n\t\t\t\t\n\t\t\t\t\n\t\t\t\t\n\t\t\t<\/div><div class=\"et_d4_element et_pb_row et_pb_row_1  et_pb_css_mix_blend_mode et_block_row\">\n\t\t\t\t<div class=\"et_d4_element et_pb_column_4_4 et_pb_column et_pb_column_2  et_pb_css_mix_blend_mode et-last-child et_block_column\">\n\t\t\t\t\n\t\t\t\t\n\t\t\t\t\n\t\t\t\t\n\t\t\t\t<div class=\"et_pb_module et_d4_element et_pb_text et_pb_text_1  et_pb_text_align_left et_pb_bg_layout_light\">\n\t\t\t\t\n\t\t\t\t\n\t\t\t\t\n\t\t\t\t\n\t\t\t\t<div class=\"et_pb_text_inner\"><h1 style=\"text-align: center;\"><strong>R\u00e9servation par mail ou t\u00e9l\u00e9phone :<\/strong><\/h1>\n<h1 style=\"text-align: center;\"><strong>07 77 05 60 09<\/strong><\/h1>\n<h3 style=\"text-align: center;\"><strong>horloger.ariege@gmail.com<\/strong><\/h3><\/div>\n\t\t\t<\/div>\n\t\t\t<\/div>\n\t\t\t\t\n\t\t\t\t\n\t\t\t\t\n\t\t\t\t\n\t\t\t<\/div>\n\t\t\t\t\n\t\t\t\t\n\t\t\t<\/div><\/p>\n","protected":false},"excerpt":{"rendered":"","protected":false},"author":2,"featured_media":0,"parent":0,"menu_order":2,"comment_status":"closed","ping_status":"closed","template":"","meta":{"_et_pb_use_builder":"on","_et_pb_old_content":"<!-- wp:divi\/placeholder \/-->","_et_gb_content_width":"","footnotes":""},"class_list":["post-1430","page","type-page","status-publish","hentry"],"_links":{"self":[{"href":"https:\/\/gites-ariege-pyrenees.fr\/index.php\/wp-json\/wp\/v2\/pages\/1430","targetHints":{"allow":["GET"]}}],"collection":[{"href":"https:\/\/gites-ariege-pyrenees.fr\/index.php\/wp-json\/wp\/v2\/pages"}],"about":[{"href":"https:\/\/gites-ariege-pyrenees.fr\/index.php\/wp-json\/wp\/v2\/types\/page"}],"author":[{"embeddable":true,"href":"https:\/\/gites-ariege-pyrenees.fr\/index.php\/wp-json\/wp\/v2\/users\/2"}],"replies":[{"embeddable":true,"href":"https:\/\/gites-ariege-pyrenees.fr\/index.php\/wp-json\/wp\/v2\/comments?post=1430"}],"version-history":[{"count":20,"href":"https:\/\/gites-ariege-pyrenees.fr\/index.php\/wp-json\/wp\/v2\/pages\/1430\/revisions"}],"predecessor-version":[{"id":1637,"href":"https:\/\/gites-ariege-pyrenees.fr\/index.php\/wp-json\/wp\/v2\/pages\/1430\/revisions\/1637"}],"wp:attachment":[{"href":"https:\/\/gites-ariege-pyrenees.fr\/index.php\/wp-json\/wp\/v2\/media?parent=1430"}],"curies":[{"name":"wp","href":"https:\/\/api.w.org\/{rel}","templated":true}]}}