{"id":28,"date":"2020-06-16T06:56:33","date_gmt":"2020-06-16T06:56:33","guid":{"rendered":"https:\/\/zakra-agency.sites.qsandbox.com\/?page_id=28"},"modified":"2025-10-13T18:09:32","modified_gmt":"2025-10-13T16:09:32","slug":"contact","status":"publish","type":"page","link":"https:\/\/gites-ariege-pyrenees.fr\/index.php\/contact\/","title":{"rendered":"Contact"},"content":{"rendered":"<p><div class=\"et_d4_element et_pb_section et_pb_section_0  et_pb_css_mix_blend_mode et_pb_fullwidth_section et_section_regular et_block_section\" >\n\t\t\t\t\n\t\t\t\t\n\t\t\t\t\n\t\t\t\t\n\t\t\t\t\n\t\t\t\t\n\t\t\t\t<div class=\"et_pb_module et_d4_element et_pb_fullwidth_image et_pb_fullwidth_image_0\">\n\t\t\t\t\n\t\t\t\t\n\t\t\t\t\n\t\t\t\t\n\t\t\t\t<img loading=\"lazy\" decoding=\"async\" width=\"1846\" height=\"831\" src=\"https:\/\/gites-ariege-pyrenees.fr\/wp-content\/uploads\/2025\/10\/Gite-roullotes-alchimiste_27.jpg\" alt=\"\" title=\"Gite-roullotes-de-l-alchimiste_\" srcset=\"https:\/\/gites-ariege-pyrenees.fr\/wp-content\/uploads\/2025\/10\/Gite-roullotes-alchimiste_27.jpg 1846w, https:\/\/gites-ariege-pyrenees.fr\/wp-content\/uploads\/2025\/10\/Gite-roullotes-alchimiste_27-1280x576.jpg 1280w, https:\/\/gites-ariege-pyrenees.fr\/wp-content\/uploads\/2025\/10\/Gite-roullotes-alchimiste_27-980x441.jpg 980w, https:\/\/gites-ariege-pyrenees.fr\/wp-content\/uploads\/2025\/10\/Gite-roullotes-alchimiste_27-480x216.jpg 480w\" sizes=\"(min-width: 0px) and (max-width: 480px) 480px, (min-width: 481px) and (max-width: 980px) 980px, (min-width: 981px) and (max-width: 1280px) 1280px, (min-width: 1281px) 1846px, 100vw\" class=\"wp-image-1617\" \/>\n\t\t\t\n\t\t\t<\/div>\n\t\t\t\t\n\t\t\t\t\n\t\t\t<\/div><div class=\"et_d4_element et_pb_section et_pb_section_1 et_pb_with_background  et_pb_css_mix_blend_mode et_section_regular et_block_section\" >\n\t\t\t\t\n\t\t\t\t\n\t\t\t\t\n\t\t\t\t\n\t\t\t\t\n\t\t\t\t\n\t\t\t\t<div class=\"et_d4_element et_pb_row et_pb_row_0  et_pb_css_mix_blend_mode et_block_row\">\n\t\t\t\t<div class=\"et_d4_element et_pb_column_4_4 et_pb_column et_pb_column_0  et_pb_css_mix_blend_mode et-last-child et_block_column\">\n\t\t\t\t\n\t\t\t\t\n\t\t\t\t\n\t\t\t\t\n\t\t\t\t<div class=\"et_pb_module et_d4_element et_pb_text et_pb_text_0  et_pb_text_align_left et_pb_bg_layout_light\">\n\t\t\t\t\n\t\t\t\t\n\t\t\t\t\n\t\t\t\t\n\t\t\t\t<div class=\"et_pb_text_inner\"><p>Y<\/p>\n<h1 style=\"text-align: center;\"><strong>R\u00e9servation par mail ou t\u00e9l\u00e9phone :<\/strong><\/h1>\n<h1 style=\"text-align: center;\"><strong>07 77 05 60 09<\/strong><\/h1>\n<h3 style=\"text-align: center;\"><strong>horloger.ariege@gmail.com<\/strong><\/h3><\/div>\n\t\t\t<\/div>\n\t\t\t<\/div>\n\t\t\t\t\n\t\t\t\t\n\t\t\t\t\n\t\t\t\t\n\t\t\t<\/div><div class=\"et_d4_element et_pb_row et_pb_row_1  et_pb_css_mix_blend_mode et_block_row\">\n\t\t\t\t<div class=\"et_d4_element et_pb_column_4_4 et_pb_column et_pb_column_1  et_pb_css_mix_blend_mode et-last-child et_block_column\">\n\t\t\t\t\n\t\t\t\t\n\t\t\t\t\n\t\t\t\t\n\t\t\t\t<div class=\"et_pb_module et_d4_element et_pb_code et_pb_code_0\">\n\t\t\t\t\n\t\t\t\t\n\t\t\t\t\n\t\t\t\t\n\t\t\t\t<div class=\"et_pb_code_inner\"><script type=\"text\/javascript\" src=\"\/\/gadget.open-system.fr\/widgets-libs\/rel\/noyau-1.0.min.js\"><\/script>\n<script type=\"text\/javascript\">\n( function() {\n\tvar widgetProduit = AllianceReseaux.Widget.Instance( \"Produit\", { idPanier:\"ImQgIiI\", idIntegration:1267, langue:\"fr\", ui:\"OSMB-118624-1\" } );\n\twidgetProduit.Initialise();\n})();\n<\/script>\n\n<div id=\"widget-produit-OSMB-118624-1\"><\/div><\/div>\n\t\t\t<\/div>\n\t\t\t<\/div>\n\t\t\t\t\n\t\t\t\t\n\t\t\t\t\n\t\t\t\t\n\t\t\t<\/div><div class=\"et_d4_element et_pb_row et_pb_row_2  et_pb_css_mix_blend_mode et_block_row\">\n\t\t\t\t<div class=\"et_d4_element et_pb_column_4_4 et_pb_column et_pb_column_2  et_pb_css_mix_blend_mode et-last-child et_block_column\">\n\t\t\t\t\n\t\t\t\t\n\t\t\t\t\n\t\t\t\t\n\t\t\t\t<div class=\"et_pb_module et_d4_element et_pb_text et_pb_text_1  et_pb_text_align_left et_pb_bg_layout_light\">\n\t\t\t\t\n\t\t\t\t\n\t\t\t\t\n\t\t\t\t\n\t\t\t\t<div class=\"et_pb_text_inner\"><h1>Formulaire de contact :<\/h1><\/div>\n\t\t\t<\/div>\n\t\t\t<div id=\"et_pb_contact_form_0\" class=\"et_pb_module et_d4_element et_pb_contact_form_0 et_pb_contact_form_container clearfix et_block_module\" data-form_unique_num=\"0\" data-form_unique_id=\"7abfe442-1894-4678-9d24-3031dc592250\">\n\t\t\t\t\n\t\t\t\t\n\t\t\t\t\n\t\t\t\t\n\t\t\t\t\n\t\t\t\t<div class=\"et-pb-contact-message\"><\/div>\n\t\t\t\t\n\t\t\t\t<div class=\"et_pb_contact\">\n\t\t\t\t\t<form class=\"et_pb_contact_form clearfix\" method=\"post\" action=\"https:\/\/gites-ariege-pyrenees.fr\/index.php\/wp-json\/wp\/v2\/pages\/28\">\n\t\t\t\t\t\t<p class=\"et_d4_element et_pb_contact_field et_pb_contact_field_0 et_pb_contact_field_half\" data-id=\"name\" data-type=\"input\">\n\t\t\t\t\n\t\t\t\t\n\t\t\t\t\n\t\t\t\t\n\t\t\t\t<label for=\"et_pb_contact_name_0\" class=\"et_pb_contact_form_label\">Nom<\/label>\n\t\t\t\t<input type=\"text\" id=\"et_pb_contact_name_0\" class=\"input\" value=\"\" name=\"et_pb_contact_name_0\" data-required_mark=\"required\" data-field_type=\"input\" data-original_id=\"name\" placeholder=\"Nom\">\n\t\t\t<\/p><p class=\"et_d4_element et_pb_contact_field et_pb_contact_field_1 et_pb_contact_field_half et_pb_contact_field_last\" data-id=\"email\" data-type=\"email\">\n\t\t\t\t\n\t\t\t\t\n\t\t\t\t\n\t\t\t\t\n\t\t\t\t<label for=\"et_pb_contact_email_0\" class=\"et_pb_contact_form_label\">Adresse e-mail<\/label>\n\t\t\t\t<input type=\"text\" id=\"et_pb_contact_email_0\" class=\"input\" value=\"\" name=\"et_pb_contact_email_0\" data-required_mark=\"required\" data-field_type=\"email\" data-original_id=\"email\" placeholder=\"Adresse e-mail\">\n\t\t\t<\/p><p class=\"et_d4_element et_pb_contact_field et_pb_contact_field_2 et_pb_contact_field_last\" data-id=\"message\" data-type=\"text\">\n\t\t\t\t\n\t\t\t\t\n\t\t\t\t\n\t\t\t\t\n\t\t\t\t<label for=\"et_pb_contact_message_0\" class=\"et_pb_contact_form_label\">Message<\/label>\n\t\t\t\t<textarea name=\"et_pb_contact_message_0\" id=\"et_pb_contact_message_0\" class=\"et_pb_contact_message input\" data-required_mark=\"required\" data-field_type=\"text\" data-original_id=\"message\" placeholder=\"Message\"><\/textarea>\n\t\t\t<\/p>\n\t\t\t\t\t\t<input type=\"hidden\" value=\"et_contact_proccess\" name=\"et_pb_contactform_submit_0\"\/>\n\t\t\t\t\t\t<div class=\"et_contact_bottom_container\">\n\t\t\t\t\t\t\t\n\t\t\t<div class=\"et_pb_contact_right et_pb_contact_field\">\n\t\t\t\t<p class=\"clearfix\">\n\t\t\t\t\t<span class=\"et_pb_contact_captcha_question\">14 + 5<\/span> = <input type=\"text\" size=\"2\" class=\"input et_pb_contact_captcha\" data-first_digit=\"14\" data-second_digit=\"5\" value=\"\" name=\"et_pb_contact_captcha_0\" data-required_mark=\"required\" autocomplete=\"off\">\n\t\t\t\t<\/p>\n\t\t\t<\/div>\n\t\t\t\t\t\t\t<button type=\"submit\" name=\"et_builder_submit_button\" class=\"et_pb_contact_submit et_pb_button\">Envoyer<\/button>\n\t\t\t\t\t\t<\/div>\n\t\t\t\t\t\t<input type=\"hidden\" id=\"_wpnonce-et-pb-contact-form-submitted-0\" name=\"_wpnonce-et-pb-contact-form-submitted-0\" value=\"1e7938b9e5\" \/><input type=\"hidden\" name=\"_wp_http_referer\" value=\"\/index.php\/wp-json\/wp\/v2\/pages\/28\" \/>\n\t\t\t\t\t<\/form>\n\t\t\t\t<\/div>\n\t\t\t<\/div>\n\t\t\t<div class=\"et_pb_module et_d4_element et_pb_code et_pb_code_1\">\n\t\t\t\t\n\t\t\t\t\n\t\t\t\t\n\t\t\t\t\n\t\t\t\t<div class=\"et_pb_code_inner\" data-et-multi-view=\"{&quot;schema&quot;:{&quot;content&quot;:{&quot;desktop&quot;:&quot;&lt;script type=\\&quot;text\\\/javascript\\&quot; src=\\&quot;\\\/\\\/gadget.open-system.fr\\\/widgets-libs\\\/rel\\\/noyau-1.0.min.js\\&quot;&gt;&lt;\\\/script&gt;\\n&lt;script type=\\&quot;text\\\/javascript\\&quot;&gt;\\n( function() {\\n\\tvar widgetProduit = AllianceReseaux.Widget.Instance( \\&quot;Produit\\&quot;, { idPanier:\\&quot;ImQgIiI\\&quot;, idIntegration:1267, langue:\\&quot;fr\\&quot;, ui:\\&quot;OSMB-118624-1\\&quot; } );\\n\\twidgetProduit.Initialise();\\n})();\\n&lt;\\\/script&gt;\\n\\n&lt;div id=\\&quot;widget-produit-OSMB-118624-1\\&quot;&gt;&lt;\\\/div&gt;\\n&quot;,&quot;tablet&quot;:&quot;&quot;},&quot;target&quot;:&quot;&quot;,&quot;hover_selector&quot;:&quot;&quot;},&quot;slug&quot;:&quot;et_pb_code&quot;}\" data-et-multi-view-load-tablet-hidden=\"true\"><script type=\"text\/javascript\" src=\"\/\/gadget.open-system.fr\/widgets-libs\/rel\/noyau-1.0.min.js\"><\/script>\n<script type=\"text\/javascript\">\n( function() {\n\tvar widgetProduit = AllianceReseaux.Widget.Instance( \"Produit\", { idPanier:\"ImQgIiI\", idIntegration:1267, langue:\"fr\", ui:\"OSMB-118624-1\" } );\n\twidgetProduit.Initialise();\n})();\n<\/script>\n\n<div id=\"widget-produit-OSMB-118624-1\"><\/div>\n<\/div>\n\t\t\t<\/div>\n\t\t\t<\/div>\n\t\t\t\t\n\t\t\t\t\n\t\t\t\t\n\t\t\t\t\n\t\t\t<\/div>\n\t\t\t\t\n\t\t\t\t\n\t\t\t<\/div><\/p>\n","protected":false},"excerpt":{"rendered":"","protected":false},"author":1,"featured_media":0,"parent":0,"menu_order":3,"comment_status":"closed","ping_status":"closed","template":"","meta":{"_et_pb_use_builder":"on","_et_pb_old_content":"<h4>Address<\/h4><p>Moon Street , 446 Jupiter, JP 44600<\/p>\t\t\n\t\t\t<h4>Email<\/h4><p>zakra@demos.com\nfirst.last@demos.com<\/p>\t\t\n\t\t\t<h4>Phone<\/h4><p>Call : +(123) 456-7890\nCall : +977 123-456789<\/p>\t\t\n\t\t\t<h4>Time<\/h4><p>Monday - Saturday : 9AM - 6 PM\nSunday : Closed<\/p>\t\t\n\t\t\t\t\t\t\t\t\t\t<img width=\"1920\" height=\"363\" src=\"http:\/\/gites-ariege-pyrenees.fr\/wp-content\/uploads\/2020\/06\/cta-phone-call.png\" alt=\"\" srcset=\"http:\/\/gites-ariege-pyrenees.fr\/wp-content\/uploads\/2020\/06\/cta-phone-call.png 1920w, http:\/\/gites-ariege-pyrenees.fr\/wp-content\/uploads\/2020\/06\/cta-phone-call-300x57.png 300w, http:\/\/gites-ariege-pyrenees.fr\/wp-content\/uploads\/2020\/06\/cta-phone-call-1024x194.png 1024w, http:\/\/gites-ariege-pyrenees.fr\/wp-content\/uploads\/2020\/06\/cta-phone-call-768x145.png 768w, http:\/\/gites-ariege-pyrenees.fr\/wp-content\/uploads\/2020\/06\/cta-phone-call-1536x290.png 1536w, http:\/\/gites-ariege-pyrenees.fr\/wp-content\/uploads\/2020\/06\/cta-phone-call-600x113.png 600w\" sizes=\"(max-width: 1920px) 100vw, 1920px\" \/>\t\t\t\t\t\t\t\t\t\t\t\n\t\t\t<h2>Let's talk<\/h2>\t\t\n\t\t<p>Turpis dolor, feugiat vehicula sem porttitor aliquet. Et, consectetur ac eu facilisis amet quis. Vitae magnis aliquam, laoreet amet in pulvinar sed praesent.<\/p>\t\t\n\t\t\t<a href=\"#\" role=\"button\">\n\t\t\t\t\t\tcall us now\n\t\t\t\t\t<\/a>\n\t\t\t<h3>Send Us Message<\/h3>\t\t\n\t\t<p>Fames in pulvinar eget varius libero, eget non, eget. Ut euismod vitae quam turpis massa aenean.<\/p>[everest_form id=\"277\"]\t\t\n\t\t\t<iframe frameborder=\"0\" scrolling=\"no\" marginheight=\"0\" marginwidth=\"0\" src=\"https:\/\/maps.google.com\/maps?q=themegrill%20private%20limited%2C%20kathmandu&amp;t=m&amp;z=15&amp;output=embed&amp;iwloc=near\" title=\"themegrill private limited, kathmandu\" aria-label=\"themegrill private limited, kathmandu\"><\/iframe>\t\t\n\t\t\t\t\t<ul>\n\t\t\t\t\t\t\t<li>\n\t\t\t\t\t<a href=\"https:\/\/www.facebook.com\/zakratheme\">\t\t\t\t\t\t\n\t\t\t\t\t\t\t\t\t\t\t<\/a>\n\t\t\t\t\t\t\t\t\t<\/li>\n\t\t\t\t\t\t\t\t<li>\n\t\t\t\t\t<a href=\"https:\/\/twitter.com\/zakratheme\/\">\t\t\t\t\t\t\n\t\t\t\t\t\t\t\t\t\t\t<\/a>\n\t\t\t\t\t\t\t\t\t<\/li>\n\t\t\t\t\t\t\t\t<li>\n\t\t\t\t\t<a href=\"https:\/\/www.linkedin.com\/company\/themegrill-pvt.-ltd.\/\">\t\t\t\t\t\t\n\t\t\t\t\t\t\t\t\t\t\t<\/a>\n\t\t\t\t\t\t\t\t\t<\/li>\n\t\t\t\t\t\t\t\t<li>\n\t\t\t\t\t<a href=\"https:\/\/www.youtube.com\/channel\/UCxxUb-k2cT43fNXY-V39LXw\">\t\t\t\t\t\t\n\t\t\t\t\t\t\t\t\t\t\t<\/a>\n\t\t\t\t\t\t\t\t\t<\/li>\n\t\t\t\t\t\t\t\t<li>\n\t\t\t\t\t<a href=\"https:\/\/www.pinterest.co.uk\/themegrill\">\t\t\t\t\t\t\n\t\t\t\t\t\t\t\t\t\t\t<\/a>\n\t\t\t\t\t\t\t\t\t<\/li>\n\t\t\t\t\t\t<\/ul>","_et_gb_content_width":"","footnotes":""},"class_list":["post-28","page","type-page","status-publish","hentry"],"_links":{"self":[{"href":"https:\/\/gites-ariege-pyrenees.fr\/index.php\/wp-json\/wp\/v2\/pages\/28","targetHints":{"allow":["GET"]}}],"collection":[{"href":"https:\/\/gites-ariege-pyrenees.fr\/index.php\/wp-json\/wp\/v2\/pages"}],"about":[{"href":"https:\/\/gites-ariege-pyrenees.fr\/index.php\/wp-json\/wp\/v2\/types\/page"}],"author":[{"embeddable":true,"href":"https:\/\/gites-ariege-pyrenees.fr\/index.php\/wp-json\/wp\/v2\/users\/1"}],"replies":[{"embeddable":true,"href":"https:\/\/gites-ariege-pyrenees.fr\/index.php\/wp-json\/wp\/v2\/comments?post=28"}],"version-history":[{"count":15,"href":"https:\/\/gites-ariege-pyrenees.fr\/index.php\/wp-json\/wp\/v2\/pages\/28\/revisions"}],"predecessor-version":[{"id":1662,"href":"https:\/\/gites-ariege-pyrenees.fr\/index.php\/wp-json\/wp\/v2\/pages\/28\/revisions\/1662"}],"wp:attachment":[{"href":"https:\/\/gites-ariege-pyrenees.fr\/index.php\/wp-json\/wp\/v2\/media?parent=28"}],"curies":[{"name":"wp","href":"https:\/\/api.w.org\/{rel}","templated":true}]}}