{"id":456,"date":"2015-07-29T13:44:44","date_gmt":"2015-07-29T13:44:44","guid":{"rendered":"https:\/\/zakra-agency.sites.qsandbox.com\/?page_id=4"},"modified":"2026-04-01T14:27:55","modified_gmt":"2026-04-01T12:27:55","slug":"home","status":"publish","type":"page","link":"https:\/\/gites-ariege-pyrenees.fr\/","title":{"rendered":"Accueil"},"content":{"rendered":"<div class=\"et_pb_section_0 et_pb_section et_pb_fullwidth_section et_section_regular et_block_section et_animated\">\n<div class=\"et_pb_fullwidth_image_0 et_pb_fullwidth_image et_animated et_pb_module\"><img loading=\"lazy\" decoding=\"async\" src=\"https:\/\/gites-ariege-pyrenees.fr\/wp-content\/uploads\/2026\/03\/Gite-roulottes-de-l-alchimiste.png\" width=\"1024\" height=\"1024\" srcset=\"https:\/\/gites-ariege-pyrenees.fr\/wp-content\/uploads\/2026\/03\/Gite-roulottes-de-l-alchimiste.png 1024w, https:\/\/gites-ariege-pyrenees.fr\/wp-content\/uploads\/2026\/03\/Gite-roulottes-de-l-alchimiste-980x980.png 980w, https:\/\/gites-ariege-pyrenees.fr\/wp-content\/uploads\/2026\/03\/Gite-roulottes-de-l-alchimiste-480x480.png 480w\" sizes=\"(min-width: 0px) and (max-width: 480px) 480px, (min-width: 481px) and (max-width: 980px) 980px, (min-width: 981px) 1024px, 100vw\" class=\"wp-image-1639\" title=\"Gite-roulottes-de-l-alchimiste\" \/><\/div>\n<\/div>\n\n<div class=\"et_pb_section_1 et_pb_section et_section_regular et_block_section\">\n<div class=\"et_pb_row_0 et_pb_row et_block_row\">\n<div class=\"et_pb_column_0 et_pb_column et_pb_column_4_4 et-last-child et_block_column et_pb_css_mix_blend_mode_passthrough\">\n<div class=\"et_pb_text_0 et_pb_text et_pb_bg_layout_light et_pb_module et_block_module\"><div class=\"et_pb_text_inner\"><h1 style=\"text-align: center;\">Gite roulottes de l\u2019Alchimiste<\/h1>\n<p style=\"text-align: center;\">Dans les Pyr\u00e9n\u00e9es, au c\u0153ur du Parc Naturel R\u00e9gional Ari\u00e8geois, \u00e0 proximit\u00e9 de Saint-Girons<br \/>et au c\u0153ur d\u2019un environnement pr\u00e9serv\u00e9, venez vous d\u00e9tendre au g\u00eete de l\u2019Alchimiste,<br \/>refuge douillet alliant design et tradition.<\/p>\n<p style=\"text-align: center;\">Ce g\u00eete roulottes con\u00e7ut pour 2 personnes se compose de 2 roulottes et d\u2019un cabanon.<br \/>Une roulotte \u00e9quip\u00e9 avec une cuisine moderne et un espace salon.<br \/>L\u2019autre est \u00e9quip\u00e9 en chambre avec un lit confortable en 140.<br \/>Le cabanon est divis\u00e9 en 2 parties, \u00e0 droite vous aurez des toilettes s\u00e8che<br \/>ainsi qu\u2019un lave-linge, \u00e0 gauche une douche ferm\u00e9e ainsi qu\u2019un bac eau chaude eau froide pour la vaisselle ou la toilette.<\/p>\n<p style=\"text-align: center;\">Une terrasse bois relie les 3 structures et vous permettra de circuler confortablement.<br \/>Elle sera \u00e9quip\u00e9e d\u2019un salon d\u2019ext\u00e9rieur pour manger et prendre l\u2019ap\u00e9ritif en plein air.<br \/>Vous pourrez \u00e9galement prendre des bains de soleil sur des relax confortables.<\/p>\n<p style=\"text-align: center;\">Les mat\u00e9riaux nobles, les teintes tendances ainsi que l\u2019art du d\u00e9tail font de cette location<br \/>un lieu unique, o\u00f9 vos h\u00f4tes, Annie et Michel, vous r\u00e9servent un accueil chaleureux<br \/>pour un s\u00e9jour tout confort.<\/p>\n<p style=\"text-align: center;\">Sur la vaste terrasse avec vue panoramique, vous profiterez du calme environnant<br \/>pour un moment de d\u00e9tente assur\u00e9e.<br \/>De nombreuses balades vous attendent tout au long de l\u2019ann\u00e9e au d\u00e9part du g\u00eete.<br \/>La proximit\u00e9 de la Cit\u00e9 de Saint-Lizier avec son Clo\u00eetre roman,<br \/>sa Cath\u00e9drale et sa pharmacie du xvi si\u00e8cle sont aussi un de ses nombreux atouts.<br \/>Cerise sur le g\u00e2teau : sur place, votre h\u00f4te, Michel, horloger et cr\u00e9ateur de bijoux, vous fera d\u00e9couvrir son savoir-faire et ses cr\u00e9ations au sein de son atelier.<\/p>\n<p style=\"text-align: center;\">Pas de wifi au roulottes, mais on capte tr\u00e8s bien la 4 G.<\/p>\n<p style=\"text-align: center;\">Si besoin de wifi, vous pouvez venir \u00e0 l\u2019atelier de Michel qui est \u00e0 100 m\u00e8tres.<\/p>\n<\/div><\/div>\n\n<div class=\"et_pb_code_0 et_pb_code et_pb_module\"><\/div>\n<\/div>\n<\/div>\n<\/div>\n\n<div class=\"et_pb_section_2 et_pb_section et_section_regular et_block_section\">\n<div class=\"et_pb_row_1 et_pb_row et_block_row\">\n<div class=\"et_pb_column_1 et_pb_column et_pb_column_1_2 et_block_column et_pb_css_mix_blend_mode_passthrough\">\n<div class=\"et_pb_code_1 et_pb_code et_pb_module\"><div class=\"et_pb_code_inner\"><iframe src=\"https:\/\/www.google.com\/maps\/embed?pb=!1m14!1m8!1m3!1d11667.41200103679!2d1.1551383!3d43.0234812!3m2!1i1024!2i768!4f13.1!3m3!1m2!1s0x0%3A0x8d563005c85612af!2sG%C3%AEte%20roulottes%20de%20L'alchimiste%20-%20avec%20sauna%20nordique%20_%20%C3%A9tape%20de%20charme!5e0!3m2!1sfr!2sfr!4v1671004463588!5m2!1sfr!2sfr\" width=\"600\" height=\"450\" style=\"border:0;\" allowfullscreen=\"\" loading=\"lazy\" referrerpolicy=\"no-referrer-when-downgrade\"><\/iframe><\/div><\/div>\n<\/div>\n\n<div class=\"et_pb_column_2 et_pb_column et_pb_column_1_2 et-last-child et_block_column et_pb_css_mix_blend_mode_passthrough\">\n<div class=\"et_pb_text_1 et_pb_text et_pb_bg_layout_light et_pb_module et_block_module\"><div class=\"et_pb_text_inner\"><h3 style=\"text-align: center;\"><\/h3>\n<h3 style=\"text-align: center;\"><\/h3>\n<h3 style=\"text-align: center;\">ITIN\u00c9RAIRE D'ACC\u00c8S<\/h3>\n<p style=\"text-align: center;\">Depuis Toulouse en voiture<br \/> prendre la direction Tarbes, Bayonne<br \/>\npuis sortir de l\u2019autoroute \u00e0 la sortie 20 <br \/>direction Saint-Girons.<\/p>\n<p style=\"text-align: center;\">Le village de Montjoie en Couserans<br \/> se trouve \u00e0 3 km de Saint-Girons<br \/>\nLe gite de l\u2019Alchimiste se situe \u00e0 3 km <br \/>du village de Montjoie en Couserans.<\/p>\n<\/div><\/div>\n<\/div>\n<\/div>\n\n<div class=\"et_pb_row_2 et_pb_row et_block_row\">\n<div class=\"et_pb_column_3 et_pb_column et_pb_column_4_4 et-last-child et_block_column et_pb_css_mix_blend_mode_passthrough\">\n<div class=\"et_pb_module et_pb_button_module_wrapper et_pb_button_0_wrapper\"><a class=\"et_pb_button_0 et_pb_button et_pb_bg_layout_light et_pb_module et_block_module\" href=\"https:\/\/www.google.com\/maps\/place\/990+Cap+de+Pouech,+09200+Montjoie-en-Couserans,+France\/@43.023424,1.155118,12z\/data=!4m5!3m4!1s0x12a8d3f85338bb25:0xee05650c93517fbd!8m2!3d43.0234243!4d1.1551182?hl=fr-FR\" target=\"_blank\">Itin\u00e9raire Google Maps<\/a><\/div>\n\n<div class=\"et_pb_text_2 et_pb_text et_pb_bg_layout_light et_pb_module et_block_module\"><div class=\"et_pb_text_inner\"><p style=\"text-align: center;\"><strong>GPS : 43.02350812411583 - \u00a01.155663789936784<\/strong><\/p>\n<\/div><\/div>\n<\/div>\n<\/div>\n\n<div class=\"et_pb_row_3 et_pb_row et_block_row\">\n<div class=\"et_pb_column_4 et_pb_column et_pb_column_4_4 et-last-child et_block_column et_pb_css_mix_blend_mode_passthrough\">\n<div class=\"et_pb_text_3 et_pb_text et_pb_bg_layout_light et_pb_module et_block_module\"><div class=\"et_pb_text_inner\"><h1 style=\"text-align: center;\">\u00c9quipements<\/h1>\n<table data-readmore_maxrows=\"0\">\n<tbody>\n<tr>\n<th><\/th>\n<td><\/td>\n<\/tr>\n<tr>\n<th>La capacit\u00e9\u00a0<\/th>\n<td>2 personnes<\/td>\n<\/tr>\n<tr>\n<th>Superficie<\/th>\n<td>25 m\u00b2 habitables, 20 m\u00b2 de plancher ext\u00e9rieur<\/td>\n<\/tr>\n<tr>\n<th>Agencement<\/th>\n<td>2 pi\u00e8ces, 1 chambre, 1 salle de bain, 1 WC, salon, coin cuisine, terrasse, cour, jardin, parking priv\u00e9, sauna nordique, piscine<\/td>\n<\/tr>\n<tr>\n<th>Canap\u00e9<\/th>\n<td>1 lit double<\/td>\n<\/tr>\n<tr>\n<th>Le confort<\/th>\n<td>Ventilateur, salon de jardin<\/td>\n<\/tr>\n<tr>\n<th>cuisine<\/th>\n<td>R\u00e9frig\u00e9rateur, cong\u00e9lateur, plaques de cuisson, micro-ondes, barbecue<\/td>\n<\/tr>\n<tr>\n<th>Le M\u00e9nage<\/th>\n<td>Lave-linge, fer \u00e0 repasser, aspirateur<\/td>\n<\/tr>\n<tr>\n<th>Multim\u00e9dia<\/th>\n<td>Cha\u00eene hi-fi<\/td>\n<\/tr>\n<tr>\n<th>services<\/th>\n<td>Ustensiles de cuisine fournis<\/td>\n<\/tr>\n<tr>\n<th>Loisirs aux environs<\/th>\n<td>Golf, tennis, \u00e9quitation, randonn\u00e9es, VTT, p\u00e9tanque, ski, baignade, sports nautiques, p\u00eache, parc de loisirs, cin\u00e9ma, shopping, escalade<\/td>\n<\/tr>\n<\/tbody>\n<\/table>\n<\/div><\/div>\n\n<div class=\"et_pb_text_4 et_pb_text et_pb_bg_layout_light et_pb_module et_block_module\"><div class=\"et_pb_text_inner\"><h1 style=\"text-align: center;\"><strong>R\u00e9servation par mail ou t\u00e9l\u00e9phone :<\/strong><\/h1>\n<h1 style=\"text-align: center;\"><strong>07 77 05 60 09<\/strong><\/h1>\n<h3 style=\"text-align: center;\"><strong>horloger.ariege@gmail.com<\/strong><\/h3>\n<\/div><\/div>\n<\/div>\n<\/div>\n\n<div class=\"et_pb_row_4 et_pb_row et_block_row\">\n<div class=\"et_pb_column_5 et_pb_column et_pb_column_4_4 et-last-child et_block_column et_pb_css_mix_blend_mode_passthrough\">\n<div class=\"et_pb_code_2 et_pb_code et_pb_module\"><div class=\"et_pb_code_inner\"><script type=\"text\/javascript\" src=\"\/\/gadget.open-system.fr\/widgets-libs\/rel\/noyau-1.0.min.js\"><\/script>\n<script type=\"text\/javascript\">\n( function() {\n\tvar widgetProduit = AllianceReseaux.Widget.Instance( \"Produit\", { idPanier:\"ImQgIiI\", idIntegration:1267, langue:\"fr\", ui:\"OSMB-118624-1\" } );\n\twidgetProduit.Initialise();\n})();\n<\/script>\n\n<div id=\"widget-produit-OSMB-118624-1\"><\/div><\/div><\/div>\n<\/div>\n<\/div>\n<\/div>\n\n<div class=\"et_pb_section_3 et_pb_section et_section_regular et_block_section\">\n<div class=\"et_pb_row_5 et_pb_row et_block_row\">\n<div class=\"et_pb_column_6 et_pb_column et_pb_column_4_4 et-last-child et_block_column et_pb_css_mix_blend_mode_passthrough\">\n<div class=\"et_pb_video_0 et_pb_video et_pb_module et_block_module\"><div class=\"et_pb_video_box\"><iframe loading=\"lazy\" title=\"Gite roulottes de l&#039;Alchimiste avec sauna et piscine\" width=\"1080\" height=\"608\" src=\"https:\/\/www.youtube.com\/embed\/IlpE_S4EO1M?feature=oembed\"  allow=\"accelerometer; autoplay; clipboard-write; encrypted-media; gyroscope; picture-in-picture; web-share\" referrerpolicy=\"strict-origin-when-cross-origin\" allowfullscreen><\/iframe><\/div><\/div>\n<\/div>\n<\/div>\n<\/div>\n\n<div class=\"et_pb_section_4 et_pb_section et_section_regular et_block_section\">\n<div class=\"et_pb_row_6 et_pb_row et_block_row\">\n<div class=\"et_pb_column_7 et_pb_column et_pb_column_4_4 et-last-child et_block_column et_pb_css_mix_blend_mode_passthrough\">\n<div class=\"et_pb_image_0 et_pb_image et_pb_module et_block_module\"><span class=\"et_pb_image_wrap\"><img loading=\"lazy\" decoding=\"async\" src=\"https:\/\/gites-ariege-pyrenees.fr\/wp-content\/uploads\/2023\/05\/1683642950082.jpg\" width=\"992\" height=\"446\" srcset=\"https:\/\/gites-ariege-pyrenees.fr\/wp-content\/uploads\/2023\/05\/1683642950082.jpg 992w, https:\/\/gites-ariege-pyrenees.fr\/wp-content\/uploads\/2023\/05\/1683642950082-980x441.jpg 980w, https:\/\/gites-ariege-pyrenees.fr\/wp-content\/uploads\/2023\/05\/1683642950082-480x216.jpg 480w\" sizes=\"(min-width: 0px) and (max-width: 480px) 480px, (min-width: 481px) and (max-width: 980px) 980px, (min-width: 981px) 992px, 100vw\" class=\"wp-image-1568\" title=\"Gite roulottes de l&#039;alchimiste\" \/><\/span><\/div>\n<\/div>\n<\/div>\n<\/div>","protected":false},"excerpt":{"rendered":"","protected":false},"author":1,"featured_media":0,"parent":0,"menu_order":0,"comment_status":"open","ping_status":"open","template":"","meta":{"footnotes":""},"class_list":["post-456","page","type-page","status-publish","hentry"],"_links":{"self":[{"href":"https:\/\/gites-ariege-pyrenees.fr\/index.php\/wp-json\/wp\/v2\/pages\/456","targetHints":{"allow":["GET"]}}],"collection":[{"href":"https:\/\/gites-ariege-pyrenees.fr\/index.php\/wp-json\/wp\/v2\/pages"}],"about":[{"href":"https:\/\/gites-ariege-pyrenees.fr\/index.php\/wp-json\/wp\/v2\/types\/page"}],"author":[{"embeddable":true,"href":"https:\/\/gites-ariege-pyrenees.fr\/index.php\/wp-json\/wp\/v2\/users\/1"}],"replies":[{"embeddable":true,"href":"https:\/\/gites-ariege-pyrenees.fr\/index.php\/wp-json\/wp\/v2\/comments?post=456"}],"version-history":[{"count":485,"href":"https:\/\/gites-ariege-pyrenees.fr\/index.php\/wp-json\/wp\/v2\/pages\/456\/revisions"}],"predecessor-version":[{"id":1660,"href":"https:\/\/gites-ariege-pyrenees.fr\/index.php\/wp-json\/wp\/v2\/pages\/456\/revisions\/1660"}],"wp:attachment":[{"href":"https:\/\/gites-ariege-pyrenees.fr\/index.php\/wp-json\/wp\/v2\/media?parent=456"}],"curies":[{"name":"wp","href":"https:\/\/api.w.org\/{rel}","templated":true}]}}